{"id":2729,"date":"2021-03-03T12:35:19","date_gmt":"2021-03-03T12:35:19","guid":{"rendered":"http:\/\/valenciafranquista.dival.es\/?page_id=2729"},"modified":"2022-02-13T10:31:33","modified_gmt":"2022-02-13T09:31:33","slug":"mes-sobre-franquisme","status":"publish","type":"page","link":"https:\/\/valenciafranquista.dival.es\/index.php\/mes-sobre-franquisme\/","title":{"rendered":"M\u00e9s sobre franquisme"},"content":{"rendered":"<p><img fetchpriority=\"high\" decoding=\"async\" src=\"https:\/\/valenciafranquista.dival.es\/wp-content\/uploads\/2021\/03\/Portada-encuentros-franquismo.jpg\" sizes=\"(max-width: 2473px) 100vw, 2473px\" srcset=\"https:\/\/valenciafranquista.dival.es\/wp-content\/uploads\/2021\/03\/Portada-encuentros-franquismo.jpg 2473w, https:\/\/valenciafranquista.dival.es\/wp-content\/uploads\/2021\/03\/Portada-encuentros-franquismo-212x300.jpg 212w, https:\/\/valenciafranquista.dival.es\/wp-content\/uploads\/2021\/03\/Portada-encuentros-franquismo-768x1087.jpg 768w, https:\/\/valenciafranquista.dival.es\/wp-content\/uploads\/2021\/03\/Portada-encuentros-franquismo-724x1024.jpg 724w\" alt=\"\" width=\"2473\" height=\"3500\" \/><\/p>\n<h2>Actes X Trobada Internacional 2019<\/h2>\n<p>Al llarg de les jornades es van tractar, entre altres temes, les dimensions exteriors del franquisme; l\u2019economia i les condicions de vida; la cultura i els mitjans de comunicaci\u00f3; les institucions i pol\u00edtiques de la dictadura; la viol\u00e8ncia i la repressi\u00f3 social; la mem\u00f2ria del franquisme; l\u2019educaci\u00f3, i el moviment obrer.<\/p>\n<p><a role=\"button\" href=\"\/wp-content\/uploads\/2021\/03\/Actas-encuentro-franquismo-1.pdf\"><br \/>\nDescarrega<br \/>\n<\/a><br \/>\n<img decoding=\"async\" src=\"https:\/\/valenciafranquista.dival.es\/wp-content\/uploads\/2021\/03\/did\u00e1ctica-CCEESS.jpg\" alt=\"\" width=\"255\" height=\"300\" \/><\/p>\n<h2>La repressi\u00f3 franquista en els manuals escolars<\/h2>\n<p>Aquest article de 2018 analitza de forma panor\u00e0mica el tractament de la repressi\u00f3 franquista en els manuals escolars espanyols d\u2019educaci\u00f3 secund\u00e0ria i batxillerat dels \u00faltims vint anys. L\u2019article focalitza la seva atenci\u00f3 en les mancances interpretatives i metodol\u00f2giques apreciables en els llibres de text publicats sota la vig\u00e8ncia de les lleis educatives LOGSE, LOE i LOMCE.<\/p>\n<p><a role=\"button\" href=\"\/wp-content\/uploads\/2021\/03\/Represi%C3%B3n-franquista-en-los-manuales-escolares-1.pdf\"><br \/>\nDescarrega<br \/>\n<\/a><\/p>\n<p><img decoding=\"async\" class=\"alignnone  wp-image-4087\" src=\"https:\/\/valenciafranquista.dival.es\/wp-content\/uploads\/2022\/02\/P\u00e1ginas-desdeHistoriograf\u00eda-del-franquismo-300x275.jpg\" alt=\"\" width=\"556\" height=\"509\" srcset=\"https:\/\/valenciafranquista.dival.es\/wp-content\/uploads\/2022\/02\/P\u00e1ginas-desdeHistoriograf\u00eda-del-franquismo-300x275.jpg 300w, https:\/\/valenciafranquista.dival.es\/wp-content\/uploads\/2022\/02\/P\u00e1ginas-desdeHistoriograf\u00eda-del-franquismo-768x703.jpg 768w, https:\/\/valenciafranquista.dival.es\/wp-content\/uploads\/2022\/02\/P\u00e1ginas-desdeHistoriograf\u00eda-del-franquismo-1024x938.jpg 1024w, https:\/\/valenciafranquista.dival.es\/wp-content\/uploads\/2022\/02\/P\u00e1ginas-desdeHistoriograf\u00eda-del-franquismo.jpg 1042w\" sizes=\"(max-width: 556px) 100vw, 556px\" \/><\/p>\n<h2>Dictadura franquista e historiograf\u00eda del franquismo<\/h2>\n<p>Glicerio S\u00e1nchez Recio<a role=\"button\" href=\"https:\/\/valenciafranquista.dival.es\/wp-content\/uploads\/2022\/02\/Historiograf\u00eda-del-franquismo.pdf\" target=\"_blank\" rel=\"noopener noreferrer\"><br \/>\nDescarrega<br \/>\n<\/a><\/p>\n","protected":false},"excerpt":{"rendered":"<p>Actes X Trobada Internacional 2019 Al llarg de les jornades es van tractar, entre altres temes, les dimensions exteriors del franquisme; l\u2019economia i les condicions de vida; la cultura i els mitjans de comunicaci\u00f3; les institucions i pol\u00edtiques de la dictadura; la viol\u00e8ncia i la repressi\u00f3 social; la mem\u00f2ria del franquisme; l\u2019educaci\u00f3, i el moviment [&hellip;]<\/p>\n","protected":false},"author":1,"featured_media":4087,"parent":0,"menu_order":0,"comment_status":"closed","ping_status":"closed","template":"","meta":{"footnotes":""},"class_list":["post-2729","page","type-page","status-publish","has-post-thumbnail","hentry"],"_links":{"self":[{"href":"https:\/\/valenciafranquista.dival.es\/index.php\/wp-json\/wp\/v2\/pages\/2729","targetHints":{"allow":["GET"]}}],"collection":[{"href":"https:\/\/valenciafranquista.dival.es\/index.php\/wp-json\/wp\/v2\/pages"}],"about":[{"href":"https:\/\/valenciafranquista.dival.es\/index.php\/wp-json\/wp\/v2\/types\/page"}],"author":[{"embeddable":true,"href":"https:\/\/valenciafranquista.dival.es\/index.php\/wp-json\/wp\/v2\/users\/1"}],"replies":[{"embeddable":true,"href":"https:\/\/valenciafranquista.dival.es\/index.php\/wp-json\/wp\/v2\/comments?post=2729"}],"version-history":[{"count":5,"href":"https:\/\/valenciafranquista.dival.es\/index.php\/wp-json\/wp\/v2\/pages\/2729\/revisions"}],"predecessor-version":[{"id":4108,"href":"https:\/\/valenciafranquista.dival.es\/index.php\/wp-json\/wp\/v2\/pages\/2729\/revisions\/4108"}],"wp:featuredmedia":[{"embeddable":true,"href":"https:\/\/valenciafranquista.dival.es\/index.php\/wp-json\/wp\/v2\/media\/4087"}],"wp:attachment":[{"href":"https:\/\/valenciafranquista.dival.es\/index.php\/wp-json\/wp\/v2\/media?parent=2729"}],"curies":[{"name":"wp","href":"https:\/\/api.w.org\/{rel}","templated":true}]}}