{"id":3706,"date":"2021-03-03T12:35:19","date_gmt":"2021-03-03T12:35:19","guid":{"rendered":"https:\/\/valenciafranquista.dival.es\/mes-sobre-franquisme\/"},"modified":"2021-12-09T16:10:08","modified_gmt":"2021-12-09T15:10:08","slug":"mes-sobre-franquisme","status":"publish","type":"page","link":"https:\/\/valenciafranquista.dival.es\/es\/index.php\/mes-sobre-franquisme\/","title":{"rendered":"M\u00e1s sobre franquismo"},"content":{"rendered":"<p><img fetchpriority=\"high\" decoding=\"async\" width=\"2473\" height=\"3500\" src=\"https:\/\/valenciafranquista.dival.es\/wp-content\/uploads\/2021\/03\/Portada-encuentros-franquismo.jpg\" alt=\"\" srcset=\"https:\/\/valenciafranquista.dival.es\/wp-content\/uploads\/2021\/03\/Portada-encuentros-franquismo.jpg 2473w, https:\/\/valenciafranquista.dival.es\/wp-content\/uploads\/2021\/03\/Portada-encuentros-franquismo-212x300.jpg 212w, https:\/\/valenciafranquista.dival.es\/wp-content\/uploads\/2021\/03\/Portada-encuentros-franquismo-768x1087.jpg 768w, https:\/\/valenciafranquista.dival.es\/wp-content\/uploads\/2021\/03\/Portada-encuentros-franquismo-724x1024.jpg 724w\" sizes=\"(max-width: 2473px) 100vw, 2473px\"><\/p>\n<h2>Actos X Trobada Internacional 2019<\/h2>\n<p>Al llarg de les jornades es van tractar, entre altres temes, les dimensions exteriors del franquisme; l\u2019economia i les condicions de vida; la cultura i els mitjans de comunicaci\u00f3; les institucions i pol\u00edtiques de la dictadura; la viol\u00e8ncia i la repressi\u00f3 social; la mem\u00f2ria del franquisme; l\u2019educaci\u00f3, i el moviment obrer.<\/p>\n<p><a href=\"\/wp-content\/uploads\/2021\/03\/Actas-encuentro-franquismo-1.pdf\" role=\"button\"><br \/>\nDescargar<br \/>\n<\/a><br \/>\n<img decoding=\"async\" width=\"255\" height=\"300\" src=\"https:\/\/valenciafranquista.dival.es\/wp-content\/uploads\/2021\/03\/did\u00e1ctica-CCEESS.jpg\" alt=\"\"><\/p>\n<h2>La represi\u00f3n franquista en los manuales escolares<\/h2>\n<p>Aquest article de 2018 analitza de forma panor\u00e0mica el tractament de la repressi\u00f3 franquista en els manuals escolars espanyols d\u2019educaci\u00f3 secund\u00e0ria i batxillerat dels \u00faltims vint anys. L\u2019article focalitza la seva atenci\u00f3 en les mancances interpretatives i metodol\u00f2giques apreciables en els llibres de text publicats sota la vig\u00e8ncia de les lleis educatives LOGSE, LOE i LOMCE.<\/p>\n<p><a href=\"\/wp-content\/uploads\/2021\/03\/Represi%C3%B3n-franquista-en-los-manuales-escolares-1.pdf\" role=\"button\"><br \/>\nDescargar<br \/>\n<\/a><\/p>\n","protected":false},"excerpt":{"rendered":"<p>Actos X Trobada Internacional 2019 Al llarg de les jornades es van tractar, entre altres temes, les dimensions exteriors del franquisme; l\u2019economia i les condicions de vida; la cultura i els mitjans de comunicaci\u00f3; les institucions i pol\u00edtiques de la dictadura; la viol\u00e8ncia i la repressi\u00f3 social; la mem\u00f2ria del franquisme; l\u2019educaci\u00f3, i el moviment [&hellip;]<\/p>\n","protected":false},"author":1,"featured_media":4088,"parent":0,"menu_order":0,"comment_status":"closed","ping_status":"closed","template":"","meta":{"footnotes":""},"class_list":["post-3706","page","type-page","status-publish","has-post-thumbnail","hentry"],"_links":{"self":[{"href":"https:\/\/valenciafranquista.dival.es\/es\/index.php\/wp-json\/wp\/v2\/pages\/3706","targetHints":{"allow":["GET"]}}],"collection":[{"href":"https:\/\/valenciafranquista.dival.es\/es\/index.php\/wp-json\/wp\/v2\/pages"}],"about":[{"href":"https:\/\/valenciafranquista.dival.es\/es\/index.php\/wp-json\/wp\/v2\/types\/page"}],"author":[{"embeddable":true,"href":"https:\/\/valenciafranquista.dival.es\/es\/index.php\/wp-json\/wp\/v2\/users\/1"}],"replies":[{"embeddable":true,"href":"https:\/\/valenciafranquista.dival.es\/es\/index.php\/wp-json\/wp\/v2\/comments?post=3706"}],"version-history":[{"count":4,"href":"https:\/\/valenciafranquista.dival.es\/es\/index.php\/wp-json\/wp\/v2\/pages\/3706\/revisions"}],"predecessor-version":[{"id":3711,"href":"https:\/\/valenciafranquista.dival.es\/es\/index.php\/wp-json\/wp\/v2\/pages\/3706\/revisions\/3711"}],"wp:featuredmedia":[{"embeddable":true,"href":"https:\/\/valenciafranquista.dival.es\/es\/index.php\/wp-json\/wp\/v2\/media\/4088"}],"wp:attachment":[{"href":"https:\/\/valenciafranquista.dival.es\/es\/index.php\/wp-json\/wp\/v2\/media?parent=3706"}],"curies":[{"name":"wp","href":"https:\/\/api.w.org\/{rel}","templated":true}]}}