{"id":1196,"date":"2020-12-08T15:37:30","date_gmt":"2020-12-08T15:37:30","guid":{"rendered":"http:\/\/valenciafranquista.dival.es\/proyecto\/"},"modified":"2022-02-08T14:15:47","modified_gmt":"2022-02-08T13:15:47","slug":"proyecto","status":"publish","type":"page","link":"https:\/\/valenciafranquista.dival.es\/es\/index.php\/proyecto\/","title":{"rendered":"Proyecto"},"content":{"rendered":"\t\t<div data-elementor-type=\"wp-page\" data-elementor-id=\"1196\" class=\"elementor elementor-1196 elementor-229\" data-elementor-post-type=\"page\">\n\t\t\t\t\t\t<section class=\"elementor-section elementor-top-section elementor-element elementor-element-ecded03 elementor-section-boxed elementor-section-height-default elementor-section-height-default\" data-id=\"ecded03\" data-element_type=\"section\" data-e-type=\"section\">\n\t\t\t\t\t\t<div class=\"elementor-container elementor-column-gap-default\">\n\t\t\t\t\t<div class=\"elementor-column elementor-col-100 elementor-top-column elementor-element elementor-element-bd8fc96\" data-id=\"bd8fc96\" data-element_type=\"column\" data-e-type=\"column\">\n\t\t\t<div class=\"elementor-widget-wrap elementor-element-populated\">\n\t\t\t\t\t\t<div class=\"elementor-element elementor-element-75cc484 elementor-widget elementor-widget-heading\" data-id=\"75cc484\" data-element_type=\"widget\" data-e-type=\"widget\" data-widget_type=\"heading.default\">\n\t\t\t\t<div class=\"elementor-widget-container\">\n\t\t\t\t\t<h1 class=\"elementor-heading-title elementor-size-default\">Proyecto<\/h1>\t\t\t\t<\/div>\n\t\t\t\t<\/div>\n\t\t\t\t<section class=\"elementor-section elementor-inner-section elementor-element elementor-element-87624b1 elementor-section-boxed elementor-section-height-default elementor-section-height-default\" data-id=\"87624b1\" data-element_type=\"section\" data-e-type=\"section\">\n\t\t\t\t\t\t<div class=\"elementor-container elementor-column-gap-default\">\n\t\t\t\t\t<div class=\"elementor-column elementor-col-50 elementor-inner-column elementor-element elementor-element-6605101\" data-id=\"6605101\" data-element_type=\"column\" data-e-type=\"column\">\n\t\t\t<div class=\"elementor-widget-wrap elementor-element-populated\">\n\t\t\t\t\t\t<div class=\"elementor-element elementor-element-9e1f589 elementor-widget elementor-widget-text-editor\" data-id=\"9e1f589\" data-element_type=\"widget\" data-e-type=\"widget\" data-widget_type=\"text-editor.default\">\n\t\t\t\t<div class=\"elementor-widget-container\">\n\t\t\t\t\t\t\t\t\t<p>La Guia de la Val\u00e8ncia del primer franquisme 1939- 1948, es un ambici\u00f3s projecte editorial que traca de contestar a la pregunta de qu\u00e8 succe\u00ed a la ciutat de Val\u00e8ncia entre el final de la guerra el 1939 i la declaraci\u00f3 de la fi de l\u2019estat de guerra el 1948. Un intent de superar el silenci derivat del Pacte de la Transici\u00f3 (no q\u00fcestionar la ess\u00e8ncia del relat franquista), de la \u201cincomoditat\u201d que encara avui suposa parlar d\u2019aquells anys i tamb\u00e9 de la dificultat d\u2019acc\u00e9s a importants fonts documentals del per\u00edode (materials desapareguts o dispersos).<\/p>\n<p>La guia havia de potenciar l\u00f2gicament la funci\u00f3 de l\u2019espai urb\u00e0 i la geo-localitzaci\u00f3 perqu\u00e8 l\u2019espai no \u00e9s mai sols un escenari. Tot el contrari, el seu \u00fas esdev\u00e9 un element for\u00e7a explicatiu de la conjuntura sociopol\u00edtica i de l\u2019apropiaci\u00f3 de l\u2019espai urb\u00e0 per el \u201cnou ordre\u201d establert. Comptat i debatut, romania la necessitat de comptar amb una web complement\u00e0ria l\u2019objectiu de la qual fora facilitar l\u2019acc\u00e9s a materials documentals i gr\u00e0fics que no tenien cabuda en una guia que prioritzava l\u00f2gicament el llenguatge gr\u00e0fic (imatge, material de premsa i cartografia) i que havia de tindre un raonable dimensi\u00f3.<\/p>\n<p>Aquesta web (accessible pel codi QR i feta possible per la implicaci\u00f3 de la Diputaci\u00f3 de Val\u00e8ncia en el projecte), s\u2019estructura en els 12 \u00edtems que articulen la guia. El lector podr\u00e0 trobar a la web materials complementaris d\u2019indubtable inter\u00e8s, enriquint notablement la quantitat i la qualitat de la informaci\u00f3 disponible, recollida amb un esfor\u00e7 intens i continuat.<\/p>\n<p>A la web es recuperen molts materials in\u00e8dits, es possibilita recuperar testimonis que acrediten la perviv\u00e8ncia d\u2019una mem\u00f2ria traum\u00e0tica transgeneracional i tenen el lloc que es mereixen les biografies (el who is who) i els llibres , articles I documents que per la seua extensi\u00f3 no s\u2019han pogut incloure en la guia. Tamb\u00e9 el protagonisme que els vells i nous actors assoliren en tots els \u00e0mbits p\u00fablics i privats en aquell per\u00edode blau que, amb m\u00e9s propietat, podrien qualificar de per\u00edode negre.<\/p>\n<p>En definitiva, guia i web conformen un \u00fanic i complementari corpus tem\u00e0tic i la consulta d\u2019aquesta darrera esdev\u00e9 un cap\u00edtol obligat per a totes aquells interessats en recuperar un mem\u00f2ria col\u00b7lectiva que ens havia estat furtada. \u2003<\/p>\n\t\t\t\t\t\t\t\t<\/div>\n\t\t\t\t<\/div>\n\t\t\t\t\t<\/div>\n\t\t<\/div>\n\t\t\t\t<div class=\"elementor-column elementor-col-50 elementor-inner-column elementor-element elementor-element-9f0727a\" data-id=\"9f0727a\" data-element_type=\"column\" data-e-type=\"column\">\n\t\t\t<div class=\"elementor-widget-wrap elementor-element-populated\">\n\t\t\t\t\t\t<div class=\"elementor-element elementor-element-c57e151 elementor-widget elementor-widget-image\" data-id=\"c57e151\" data-element_type=\"widget\" data-e-type=\"widget\" data-widget_type=\"image.default\">\n\t\t\t\t<div class=\"elementor-widget-container\">\n\t\t\t\t\t\t\t\t\t\t\t\t\t\t\t<img fetchpriority=\"high\" decoding=\"async\" width=\"600\" height=\"981\" src=\"https:\/\/valenciafranquista.dival.es\/wp-content\/uploads\/2021\/10\/Portadas-Cast-2.jpg\" class=\"attachment-full size-full wp-image-3138\" alt=\"\" srcset=\"https:\/\/valenciafranquista.dival.es\/wp-content\/uploads\/2021\/10\/Portadas-Cast-2.jpg 600w, https:\/\/valenciafranquista.dival.es\/wp-content\/uploads\/2021\/10\/Portadas-Cast-2-183x300.jpg 183w\" sizes=\"(max-width: 600px) 100vw, 600px\" \/>\t\t\t\t\t\t\t\t\t\t\t\t\t\t\t<\/div>\n\t\t\t\t<\/div>\n\t\t\t\t<div class=\"elementor-element elementor-element-3eedfec elementor-widget__width-initial elementor-widget elementor-widget-heading\" data-id=\"3eedfec\" data-element_type=\"widget\" data-e-type=\"widget\" data-widget_type=\"heading.default\">\n\t\t\t\t<div class=\"elementor-widget-container\">\n\t\t\t\t\t<div class=\"elementor-heading-title elementor-size-default\">Gu\u00eda de la Valencia del primer franquismo (1939-1948)<\/div>\t\t\t\t<\/div>\n\t\t\t\t<\/div>\n\t\t\t\t<div class=\"elementor-element elementor-element-a7aec8b elementor-align-center elementor-widget elementor-widget-button\" data-id=\"a7aec8b\" data-element_type=\"widget\" data-e-type=\"widget\" data-widget_type=\"button.default\">\n\t\t\t\t<div class=\"elementor-widget-container\">\n\t\t\t\t\t\t\t\t\t<div class=\"elementor-button-wrapper\">\n\t\t\t\t\t<a class=\"elementor-button elementor-button-link elementor-size-sm\" href=\"https:\/\/puv.uv.es\/guia-de-la-valencia-del-primer-franquismo-1939-1948.html\" target=\"_blank\">\n\t\t\t\t\t\t<span class=\"elementor-button-content-wrapper\">\n\t\t\t\t\t\t\t\t\t<span class=\"elementor-button-text\">La Gu\u00eda<\/span>\n\t\t\t\t\t<\/span>\n\t\t\t\t\t<\/a>\n\t\t\t\t<\/div>\n\t\t\t\t\t\t\t\t<\/div>\n\t\t\t\t<\/div>\n\t\t\t\t\t<\/div>\n\t\t<\/div>\n\t\t\t\t\t<\/div>\n\t\t<\/section>\n\t\t\t\t\t<\/div>\n\t\t<\/div>\n\t\t\t\t\t<\/div>\n\t\t<\/section>\n\t\t\t\t<\/div>\n\t\t","protected":false},"excerpt":{"rendered":"<p>Proyecto La Guia de la Val\u00e8ncia del primer franquisme 1939- 1948, es un ambici\u00f3s projecte editorial que traca de contestar a la pregunta de qu\u00e8 succe\u00ed a la ciutat de Val\u00e8ncia entre el final de la guerra el 1939 i la declaraci\u00f3 de la fi de l\u2019estat de guerra el 1948. Un intent de superar [&hellip;]<\/p>\n","protected":false},"author":1,"featured_media":4038,"parent":0,"menu_order":0,"comment_status":"closed","ping_status":"closed","template":"","meta":{"footnotes":""},"class_list":["post-1196","page","type-page","status-publish","has-post-thumbnail","hentry"],"_links":{"self":[{"href":"https:\/\/valenciafranquista.dival.es\/es\/index.php\/wp-json\/wp\/v2\/pages\/1196","targetHints":{"allow":["GET"]}}],"collection":[{"href":"https:\/\/valenciafranquista.dival.es\/es\/index.php\/wp-json\/wp\/v2\/pages"}],"about":[{"href":"https:\/\/valenciafranquista.dival.es\/es\/index.php\/wp-json\/wp\/v2\/types\/page"}],"author":[{"embeddable":true,"href":"https:\/\/valenciafranquista.dival.es\/es\/index.php\/wp-json\/wp\/v2\/users\/1"}],"replies":[{"embeddable":true,"href":"https:\/\/valenciafranquista.dival.es\/es\/index.php\/wp-json\/wp\/v2\/comments?post=1196"}],"version-history":[{"count":5,"href":"https:\/\/valenciafranquista.dival.es\/es\/index.php\/wp-json\/wp\/v2\/pages\/1196\/revisions"}],"predecessor-version":[{"id":3861,"href":"https:\/\/valenciafranquista.dival.es\/es\/index.php\/wp-json\/wp\/v2\/pages\/1196\/revisions\/3861"}],"wp:featuredmedia":[{"embeddable":true,"href":"https:\/\/valenciafranquista.dival.es\/es\/index.php\/wp-json\/wp\/v2\/media\/4038"}],"wp:attachment":[{"href":"https:\/\/valenciafranquista.dival.es\/es\/index.php\/wp-json\/wp\/v2\/media?parent=1196"}],"curies":[{"name":"wp","href":"https:\/\/api.w.org\/{rel}","templated":true}]}}